{"id":9,"date":"2017-08-06T21:53:55","date_gmt":"2017-08-06T19:53:55","guid":{"rendered":"http:\/\/sogolf.fr\/?page_id=9"},"modified":"2020-12-23T23:11:37","modified_gmt":"2020-12-23T22:11:37","slug":"sogolfandnothingelse","status":"publish","type":"page","link":"https:\/\/thegolfiest.com\/index.php\/sogolfandnothingelse\/","title":{"rendered":"A PROPOS"},"content":{"rendered":"<p><strong>Qui sommes nous ?<\/strong><\/p>\n<p><strong>The Golfiest<\/strong>, c\u2019est un blog d\u00e9di\u00e9 au Golf.<\/p>\n<p style=\"text-align: justify;\">Le monde du <strong>Golf<\/strong> est passionnant, complexe et fascinant, mais parfois synonyme de sport r\u00e9serv\u00e9 \u00e0 une certaine \u00e9lite.<\/p>\n<p style=\"text-align: justify;\">Selon nous, le golf est d&rsquo;abord un plaisir accessible mais aussi un sport, il faut simplement prendre le temps de l&rsquo;aimer.\u00a0C\u2019est dans cet esprit que nous vous ferons d\u00e9couvrir r\u00e9guli\u00e8rement un aspect de ce sport fantastique (joueurs, comp\u00e9titions, mat\u00e9riels).<\/p>\n<p style=\"text-align: justify;\"><strong>Le\u00a0golf c&rsquo;est une m\u00e9taphore.\u00a0L\u2019art golfique est un moyen d\u2019expression. <\/strong>Ce n\u2019est pas un jeu l\u00e9ger. Mais le meilleur moyen de se conna\u00eetre est d\u2019y jouer. <strong>Rien n\u2019en r\u00e9chappe. On y retrouve l\u2019Homme Nu.\u00a0<\/strong>Mais\u00a0 c&rsquo;est aussi comme l&rsquo;explique si bien <a href=\"http:\/\/www.arnoldpalmer.com\">Arnold Palmer<\/a> : <strong><em>\u00ab\u00a0<\/em><\/strong><span style=\"color: #ff0000;\"><strong><em>Golf is deceptively simple and endlessly complicated; it satisfies the soul and frustrates the intellect. It is at the same time rewarding and maddening \u2013 and it is without a doubt the greatest game mankind has ever invented\u00a0\u00bb.<\/em><\/strong><\/span><span style=\"color: #ff0000;\">\u00a0<\/span><\/p>\n<p style=\"text-align: justify;\"><strong>The Golfiest <\/strong>est l\u00e0 pour montrer a quel point ce sport est fantastique et aider les internautes \u00e0 comprendre le monde golfique.<\/p>\n<p style=\"text-align: justify;\">Bien \u00e9videment, ce blog est ind\u00e9pendant et n&rsquo;est li\u00e9 en aucun cas \u00e0 un quelconque groupe de presse.<\/p>\n<p><strong>Vous voulez soumettre un article ?<\/strong><\/p>\n<p style=\"text-align: justify;\">Vous \u00eates vous aussi passionn\u00e9 de golf et avez des connaissances que vous d\u00e9sirez partager? Vous avez d\u00e9nich\u00e9 une actualit\u00e9 qui vaut le d\u00e9tour? Nous sommes preneurs alors n\u2019h\u00e9sitez pas \u00e0 nous en parler!<\/p>\n<p><strong>Vous \u00eates annonceur ?<\/strong><\/p>\n<p style=\"text-align: justify;\">Vous \u00eates une marque ou un distributeur et d\u00e9sirez promouvoir votre produit\u00a0ou vos services sur <strong>The Golfiest\u00a0<\/strong>? Vous avez tout compris, rejoignez un public cibl\u00e9. Pour en savoir plus,\u00a0<a href=\"http:\/\/sogolf.fr\/index.php\/contact\/\">contactez-nous<\/a>\u00a0d\u00e8s maintenant!<\/p>\n<p><strong>The Golfiest<\/strong><\/p>\n<p>\u00a0<\/p>\n\n\n<p><\/p>\n","protected":false},"excerpt":{"rendered":"<p>Qui sommes nous ? The Golfiest, c\u2019est un blog d\u00e9di\u00e9 au Golf. Le monde du Golf est passionnant, complexe et fascinant, mais parfois synonyme de sport r\u00e9serv\u00e9 \u00e0 une certaine \u00e9lite. Selon nous, le golf est d&rsquo;abord un plaisir accessible mais aussi un sport, il faut simplement prendre le temps de l&rsquo;aimer.\u00a0C\u2019est dans cet esprit [&hellip;]<\/p>\n","protected":false},"author":1,"featured_media":0,"parent":0,"menu_order":0,"comment_status":"closed","ping_status":"closed","template":"","meta":{"footnotes":""},"class_list":["post-9","page","type-page","status-publish","hentry"],"aioseo_notices":[],"_links":{"self":[{"href":"https:\/\/thegolfiest.com\/index.php\/wp-json\/wp\/v2\/pages\/9","targetHints":{"allow":["GET"]}}],"collection":[{"href":"https:\/\/thegolfiest.com\/index.php\/wp-json\/wp\/v2\/pages"}],"about":[{"href":"https:\/\/thegolfiest.com\/index.php\/wp-json\/wp\/v2\/types\/page"}],"author":[{"embeddable":true,"href":"https:\/\/thegolfiest.com\/index.php\/wp-json\/wp\/v2\/users\/1"}],"replies":[{"embeddable":true,"href":"https:\/\/thegolfiest.com\/index.php\/wp-json\/wp\/v2\/comments?post=9"}],"version-history":[{"count":14,"href":"https:\/\/thegolfiest.com\/index.php\/wp-json\/wp\/v2\/pages\/9\/revisions"}],"predecessor-version":[{"id":1403,"href":"https:\/\/thegolfiest.com\/index.php\/wp-json\/wp\/v2\/pages\/9\/revisions\/1403"}],"wp:attachment":[{"href":"https:\/\/thegolfiest.com\/index.php\/wp-json\/wp\/v2\/media?parent=9"}],"curies":[{"name":"wp","href":"https:\/\/api.w.org\/{rel}","templated":true}]}}